{"id":80,"date":"2026-01-29T11:21:13","date_gmt":"2026-01-29T11:21:13","guid":{"rendered":"https:\/\/sl-ap.si\/?page_id=80"},"modified":"2026-01-29T12:22:15","modified_gmt":"2026-01-29T12:22:15","slug":"about","status":"publish","type":"page","link":"https:\/\/sl-ap.si\/?page_id=80&lang=en","title":{"rendered":""},"content":{"rendered":"\n<h4 class=\"wp-block-heading\">RAZVIJAMO. KREPIMO. PROMOVIRAMO. KOMUNICIRAMO.<\/h4>\n\n\n\n<p>Smo zdru\u017eenje slovenskih produkcijskih hi\u0161 v ogla\u0161evanju. Pospe\u0161ujemo razvoj produkcijske dejavnosti v dr\u017eavi. Krepimo profesionalne standarde in prisotnost slovenskega znanja, podkrepljenega z bogatimi izku\u0161njami, v izjemno konkuren\u010dni globalni filmski in video industriji. Promoviramo naravne, geografske in poslovne prednosti Slovenije. Skrbimo, da v svetovnem merilu (ob)veljajo kot dodana vrednost. Slovenijo \u017eelimo postaviti na globalni zemljevid oziroma svet pripeljati v Slovenijo. Zato prisegamo na u\u010dinkovito medsebojno komunikacijo in uspe\u0161no mednarodno vklju\u010devanje.<\/p>\n\n\n\n<h4 class=\"wp-block-heading\">AKTIVNO. POVEZANO. ETI\u010cNO. KONKUREN\u010cNO.<\/h4>\n\n\n\n<p>Gospodarsko interesno zdru\u017eenje SLAP sestavljamo vodilna slovenska zasebna produkcijska podjetja. Aktivno in povezano sodelujemo z odlo\u010devalci v kreativnem sektorju, skrbimo za eti\u010dnost poslovanja, a hkrati ne kr\u0161imo pravil konkuren\u010dnosti. Izobra\u017eujemo akterje na trgu in spodbujamo primere dobre prakse. Smo svetovalec in mentor. Interese na\u0161ih \u010dlanov nadgrajujemo v prilo\u017enosti celotnega poslovnega okolja. Verjamemo, da smo zdru\u017eeni najbolj\u0161i.<\/p>\n","protected":false},"excerpt":{"rendered":"<p>RAZVIJAMO. KREPIMO. PROMOVIRAMO. KOMUNICIRAMO. Smo zdru\u017eenje slovenskih produkcijskih hi\u0161 v ogla\u0161evanju. Pospe\u0161ujemo razvoj produkcijske dejavnosti v dr\u017eavi. Krepimo profesionalne standarde in prisotnost slovenskega znanja, podkrepljenega z bogatimi izku\u0161njami, v izjemno konkuren\u010dni globalni filmski in video industriji. Promoviramo naravne, geografske in poslovne prednosti Slovenije. Skrbimo, da v svetovnem merilu (ob)veljajo kot dodana vrednost. Slovenijo \u017eelimo postaviti [&hellip;]<\/p>\n","protected":false},"author":1,"featured_media":0,"parent":0,"menu_order":0,"comment_status":"closed","ping_status":"closed","template":"","meta":{"footnotes":""},"class_list":["post-80","page","type-page","status-publish","hentry"],"_links":{"self":[{"href":"https:\/\/sl-ap.si\/index.php?rest_route=\/wp\/v2\/pages\/80","targetHints":{"allow":["GET"]}}],"collection":[{"href":"https:\/\/sl-ap.si\/index.php?rest_route=\/wp\/v2\/pages"}],"about":[{"href":"https:\/\/sl-ap.si\/index.php?rest_route=\/wp\/v2\/types\/page"}],"author":[{"embeddable":true,"href":"https:\/\/sl-ap.si\/index.php?rest_route=\/wp\/v2\/users\/1"}],"replies":[{"embeddable":true,"href":"https:\/\/sl-ap.si\/index.php?rest_route=%2Fwp%2Fv2%2Fcomments&post=80"}],"version-history":[{"count":2,"href":"https:\/\/sl-ap.si\/index.php?rest_route=\/wp\/v2\/pages\/80\/revisions"}],"predecessor-version":[{"id":101,"href":"https:\/\/sl-ap.si\/index.php?rest_route=\/wp\/v2\/pages\/80\/revisions\/101"}],"wp:attachment":[{"href":"https:\/\/sl-ap.si\/index.php?rest_route=%2Fwp%2Fv2%2Fmedia&parent=80"}],"curies":[{"name":"wp","href":"https:\/\/api.w.org\/{rel}","templated":true}]}}