{"id":52,"date":"2026-01-28T09:58:13","date_gmt":"2026-01-28T09:58:13","guid":{"rendered":"https:\/\/sl-ap.si\/?page_id=52"},"modified":"2026-01-29T12:07:37","modified_gmt":"2026-01-29T12:07:37","slug":"get-in-touch","status":"publish","type":"page","link":"https:\/\/sl-ap.si\/?page_id=52&lang=en","title":{"rendered":""},"content":{"rendered":"\n<p><\/p>\n\n\n\n<p class=\"has-text-align-center has-primary-color has-text-color has-link-color wp-elements-1c974f3378a65587fe0c254ab7f7465e\"><strong>Gospodarsko interesno zdru\u017eenje produkcijskih hi\u0161 v ogla\u0161evanju SLAP<\/strong><\/p>\n\n\n\n<p class=\"has-text-align-center has-primary-color has-text-color has-link-color wp-elements-c61b41f3b5eab069e8e959a353a5d216\"><a href=\"mailto:contact@sl-ap.si\">poslovodstvo@sl-ap.si<\/a><\/p>\n\n\n\n<p class=\"has-text-align-center has-primary-color has-text-color has-link-color wp-elements-8af562507a5e828e8dce303fdca092f9\">Hana Kovi\u010d | Andrej Caruso | Rok Lune\u017enik<\/p>\n\n\n\n<p class=\"has-text-align-center has-primary-color has-text-color has-link-color wp-elements-805d598b88d7bab144c21c6ba358ba6a\">Brdnikova ulica 44, 1000 Ljubljana, Slovenia<\/p>\n\n\n\n<p class=\"has-text-align-center has-primary-color has-text-color has-link-color wp-elements-f925b9aba87384035930466b701058b8\">VAT ID: 45056412<\/p>\n\n\n\n<p><\/p>\n","protected":false},"excerpt":{"rendered":"<p>Gospodarsko interesno zdru\u017eenje produkcijskih hi\u0161 v ogla\u0161evanju SLAP poslovodstvo@sl-ap.si Hana Kovi\u010d | Andrej Caruso | Rok Lune\u017enik Brdnikova ulica 44, 1000 Ljubljana, Slovenia VAT ID: 45056412<\/p>\n","protected":false},"author":1,"featured_media":0,"parent":0,"menu_order":0,"comment_status":"closed","ping_status":"closed","template":"","meta":{"footnotes":""},"class_list":["post-52","page","type-page","status-publish","hentry"],"_links":{"self":[{"href":"https:\/\/sl-ap.si\/index.php?rest_route=\/wp\/v2\/pages\/52","targetHints":{"allow":["GET"]}}],"collection":[{"href":"https:\/\/sl-ap.si\/index.php?rest_route=\/wp\/v2\/pages"}],"about":[{"href":"https:\/\/sl-ap.si\/index.php?rest_route=\/wp\/v2\/types\/page"}],"author":[{"embeddable":true,"href":"https:\/\/sl-ap.si\/index.php?rest_route=\/wp\/v2\/users\/1"}],"replies":[{"embeddable":true,"href":"https:\/\/sl-ap.si\/index.php?rest_route=%2Fwp%2Fv2%2Fcomments&post=52"}],"version-history":[{"count":10,"href":"https:\/\/sl-ap.si\/index.php?rest_route=\/wp\/v2\/pages\/52\/revisions"}],"predecessor-version":[{"id":91,"href":"https:\/\/sl-ap.si\/index.php?rest_route=\/wp\/v2\/pages\/52\/revisions\/91"}],"wp:attachment":[{"href":"https:\/\/sl-ap.si\/index.php?rest_route=%2Fwp%2Fv2%2Fmedia&parent=52"}],"curies":[{"name":"wp","href":"https:\/\/api.w.org\/{rel}","templated":true}]}}