{"id":29,"date":"2026-01-27T11:20:12","date_gmt":"2026-01-27T11:20:12","guid":{"rendered":"https:\/\/sl-ap.si\/?page_id=29"},"modified":"2026-02-03T11:17:41","modified_gmt":"2026-02-03T11:17:41","slug":"members","status":"publish","type":"page","link":"https:\/\/sl-ap.si\/?page_id=29&lang=en","title":{"rendered":""},"content":{"rendered":"\n<div style=\"height:40px\" aria-hidden=\"true\" class=\"wp-block-spacer\"><\/div>\n\n\n\n<div class=\"wp-block-media-text is-stacked-on-mobile\"><figure class=\"wp-block-media-text__media\"><a href=\"https:\/\/arkadena.com\"><img fetchpriority=\"high\" decoding=\"async\" width=\"1024\" height=\"590\" src=\"https:\/\/sl-ap.si\/wp-content\/uploads\/2026\/01\/Screenshot-2026-01-28-at-13.14.19-1024x590.png\" alt=\"\" class=\"wp-image-63 size-full\" srcset=\"https:\/\/sl-ap.si\/wp-content\/uploads\/2026\/01\/Screenshot-2026-01-28-at-13.14.19-1024x590.png 1024w, https:\/\/sl-ap.si\/wp-content\/uploads\/2026\/01\/Screenshot-2026-01-28-at-13.14.19-300x173.png 300w, https:\/\/sl-ap.si\/wp-content\/uploads\/2026\/01\/Screenshot-2026-01-28-at-13.14.19-768x442.png 768w, https:\/\/sl-ap.si\/wp-content\/uploads\/2026\/01\/Screenshot-2026-01-28-at-13.14.19-1536x884.png 1536w, https:\/\/sl-ap.si\/wp-content\/uploads\/2026\/01\/Screenshot-2026-01-28-at-13.14.19-2048x1179.png 2048w\" sizes=\"(max-width: 1024px) 100vw, 1024px\" \/><\/a><\/figure><div class=\"wp-block-media-text__content\">\n<p class=\"has-primary-color has-text-color has-link-color wp-elements-802697f87e11737f880b669391282b5a\"><strong><a href=\"https:\/\/arkadena.com\" data-type=\"link\" data-id=\"https:\/\/arkadena.com\">Studio Arkadena d.o.o.<br><\/a><\/strong>Brodi\u0161\u010de 23<br>1236 Trzin<br>Slovenia<\/p>\n<\/div><\/div>\n\n\n\n<div style=\"height:40px\" aria-hidden=\"true\" class=\"wp-block-spacer\"><\/div>\n\n\n\n<div class=\"wp-block-media-text is-stacked-on-mobile\"><figure class=\"wp-block-media-text__media\"><a href=\"https:\/\/basproduction.com\"><img decoding=\"async\" width=\"1024\" height=\"196\" src=\"https:\/\/sl-ap.si\/wp-content\/uploads\/2026\/01\/Screenshot-2026-01-28-at-13.16.41-1024x196.png\" alt=\"\" class=\"wp-image-64 size-full\" srcset=\"https:\/\/sl-ap.si\/wp-content\/uploads\/2026\/01\/Screenshot-2026-01-28-at-13.16.41-1024x196.png 1024w, https:\/\/sl-ap.si\/wp-content\/uploads\/2026\/01\/Screenshot-2026-01-28-at-13.16.41-300x58.png 300w, https:\/\/sl-ap.si\/wp-content\/uploads\/2026\/01\/Screenshot-2026-01-28-at-13.16.41-768x147.png 768w, https:\/\/sl-ap.si\/wp-content\/uploads\/2026\/01\/Screenshot-2026-01-28-at-13.16.41-1536x295.png 1536w, https:\/\/sl-ap.si\/wp-content\/uploads\/2026\/01\/Screenshot-2026-01-28-at-13.16.41-2048x393.png 2048w\" sizes=\"(max-width: 1024px) 100vw, 1024px\" \/><\/a><\/figure><div class=\"wp-block-media-text__content\">\n<p class=\"has-primary-color has-text-color has-link-color wp-elements-05980faffede88a0482631d6601e2bfc\"><strong><a href=\"https:\/\/basproduction.com\" data-type=\"link\" data-id=\"https:\/\/basproduction.com\">Bas production d.o.o.<br><\/a><\/strong>Kamni\u0161ka ulica 49<br>1000 Ljubljana<br>Slovenia<\/p>\n<\/div><\/div>\n\n\n\n<div style=\"height:40px\" aria-hidden=\"true\" class=\"wp-block-spacer\"><\/div>\n\n\n\n<div class=\"wp-block-media-text is-stacked-on-mobile\"><figure class=\"wp-block-media-text__media\"><a href=\"http:\/\/www.division.film\"><img decoding=\"async\" width=\"1024\" height=\"494\" src=\"https:\/\/sl-ap.si\/wp-content\/uploads\/2026\/01\/divisionfilm-1024x494.webp\" alt=\"\" class=\"wp-image-68 size-full\" srcset=\"https:\/\/sl-ap.si\/wp-content\/uploads\/2026\/01\/divisionfilm-1024x494.webp 1024w, https:\/\/sl-ap.si\/wp-content\/uploads\/2026\/01\/divisionfilm-300x145.webp 300w, https:\/\/sl-ap.si\/wp-content\/uploads\/2026\/01\/divisionfilm-768x371.webp 768w, https:\/\/sl-ap.si\/wp-content\/uploads\/2026\/01\/divisionfilm.webp 1040w\" sizes=\"(max-width: 1024px) 100vw, 1024px\" \/><\/a><\/figure><div class=\"wp-block-media-text__content\">\n<p class=\"has-primary-color has-text-color has-link-color wp-elements-452eaee756ac9b1d9cda6fee28e3a27a\"><strong><a href=\"http:\/\/www.division.film\" data-type=\"link\" data-id=\"www.division.film\">Division d.o.o.<br><\/a><\/strong>Gorki\u010deva ulica 7<br>1000 Ljubljana<br>Slovenia<\/p>\n<\/div><\/div>\n\n\n\n<div style=\"height:40px\" aria-hidden=\"true\" class=\"wp-block-spacer\"><\/div>\n\n\n\n<div class=\"wp-block-media-text is-stacked-on-mobile\"><figure class=\"wp-block-media-text__media\"><a href=\"https:\/\/www.entityfilms.co\"><img loading=\"lazy\" decoding=\"async\" width=\"1024\" height=\"412\" src=\"https:\/\/sl-ap.si\/wp-content\/uploads\/2026\/01\/final-logo-DB-1024x412.png\" alt=\"\" class=\"wp-image-67 size-full\" srcset=\"https:\/\/sl-ap.si\/wp-content\/uploads\/2026\/01\/final-logo-DB-1024x412.png 1024w, https:\/\/sl-ap.si\/wp-content\/uploads\/2026\/01\/final-logo-DB-300x121.png 300w, https:\/\/sl-ap.si\/wp-content\/uploads\/2026\/01\/final-logo-DB-768x309.png 768w, https:\/\/sl-ap.si\/wp-content\/uploads\/2026\/01\/final-logo-DB.png 1280w\" sizes=\"(max-width: 1024px) 100vw, 1024px\" \/><\/a><\/figure><div class=\"wp-block-media-text__content\">\n<p class=\"has-primary-color has-text-color has-link-color wp-elements-16c0c61946e4cd6a04f23b15ce3c3dbd\"><strong><a href=\"https:\/\/www.entityfilms.co\" data-type=\"link\" data-id=\"https:\/\/www.entityfilms.co\">Entity films d.o.o.<br><\/a><\/strong>Dunajska cesta 76<br>1000 Ljubljana<br>Slovenia<\/p>\n<\/div><\/div>\n\n\n\n<div style=\"height:40px\" aria-hidden=\"true\" class=\"wp-block-spacer\"><\/div>\n\n\n\n<div class=\"wp-block-media-text is-stacked-on-mobile\"><figure class=\"wp-block-media-text__media\"><a href=\"https:\/\/www.hund.film\"><img loading=\"lazy\" decoding=\"async\" width=\"206\" height=\"45\" src=\"https:\/\/sl-ap.si\/wp-content\/uploads\/2026\/01\/unnamed-2-1.png\" alt=\"\" class=\"wp-image-72 size-full\"\/><\/a><\/figure><div class=\"wp-block-media-text__content\">\n<p class=\"has-primary-color has-text-color has-link-color wp-elements-3ed0da7e106ac65aa1b7ae053b80277b\"><strong><a href=\"https:\/\/www.hund.film\" data-type=\"link\" data-id=\"https:\/\/www.hund.film\">HUND films d.o.o.<br><\/a><\/strong>Vrhov\u010deva 10<br>1000 Ljubljana<br>Slovenia<\/p>\n<\/div><\/div>\n\n\n\n<div style=\"height:40px\" aria-hidden=\"true\" class=\"wp-block-spacer\"><\/div>\n\n\n\n<div class=\"wp-block-media-text is-stacked-on-mobile\"><figure class=\"wp-block-media-text__media\"><a href=\"https:\/\/sindikat.tv\/contact\/\"><img loading=\"lazy\" decoding=\"async\" width=\"1024\" height=\"254\" src=\"https:\/\/sl-ap.si\/wp-content\/uploads\/2026\/01\/Screenshot-2026-01-28-at-13.27.25-1024x254.png\" alt=\"\" class=\"wp-image-74 size-full\" srcset=\"https:\/\/sl-ap.si\/wp-content\/uploads\/2026\/01\/Screenshot-2026-01-28-at-13.27.25-1024x254.png 1024w, https:\/\/sl-ap.si\/wp-content\/uploads\/2026\/01\/Screenshot-2026-01-28-at-13.27.25-300x75.png 300w, https:\/\/sl-ap.si\/wp-content\/uploads\/2026\/01\/Screenshot-2026-01-28-at-13.27.25-768x191.png 768w, https:\/\/sl-ap.si\/wp-content\/uploads\/2026\/01\/Screenshot-2026-01-28-at-13.27.25-1536x382.png 1536w, https:\/\/sl-ap.si\/wp-content\/uploads\/2026\/01\/Screenshot-2026-01-28-at-13.27.25-2048x509.png 2048w\" sizes=\"(max-width: 1024px) 100vw, 1024px\" \/><\/a><\/figure><div class=\"wp-block-media-text__content\">\n<p class=\"has-primary-color has-text-color has-link-color wp-elements-89452f5615c77b030d905e54fce6eab0\"><strong><a href=\"https:\/\/sindikat.tv\/contact\/\" data-type=\"link\" data-id=\"https:\/\/sindikat.tv\/contact\/\">SNDKT d.o.o.<br><\/a><\/strong>Ulica Carla Benza 20<br>1000 Ljubljana<br>Slovenia<\/p>\n<\/div><\/div>\n\n\n\n<div style=\"height:40px\" aria-hidden=\"true\" class=\"wp-block-spacer\"><\/div>\n\n\n\n<div class=\"wp-block-media-text is-stacked-on-mobile\"><figure class=\"wp-block-media-text__media\"><a href=\"https:\/\/www.google.com\/search?client=safari&amp;rls=en&amp;q=trikstr&amp;ie=UTF-8&amp;oe=UTF-8\"><img loading=\"lazy\" decoding=\"async\" width=\"1024\" height=\"342\" src=\"https:\/\/sl-ap.si\/wp-content\/uploads\/2026\/01\/Screenshot-2026-01-28-at-13.25.04-1024x342.png\" alt=\"\" class=\"wp-image-73 size-full\" srcset=\"https:\/\/sl-ap.si\/wp-content\/uploads\/2026\/01\/Screenshot-2026-01-28-at-13.25.04-1024x342.png 1024w, https:\/\/sl-ap.si\/wp-content\/uploads\/2026\/01\/Screenshot-2026-01-28-at-13.25.04-300x100.png 300w, https:\/\/sl-ap.si\/wp-content\/uploads\/2026\/01\/Screenshot-2026-01-28-at-13.25.04-768x256.png 768w, https:\/\/sl-ap.si\/wp-content\/uploads\/2026\/01\/Screenshot-2026-01-28-at-13.25.04-1536x512.png 1536w, https:\/\/sl-ap.si\/wp-content\/uploads\/2026\/01\/Screenshot-2026-01-28-at-13.25.04-2048x683.png 2048w\" sizes=\"(max-width: 1024px) 100vw, 1024px\" \/><\/a><\/figure><div class=\"wp-block-media-text__content\">\n<p class=\"has-primary-color has-text-color has-link-color wp-elements-6e92dd675969e40d0779253761677052\"><strong><a href=\"https:\/\/www.google.com\/search?client=safari&amp;rls=en&amp;q=trikstr&amp;ie=UTF-8&amp;oe=UTF-8\" data-type=\"link\" data-id=\"https:\/\/www.google.com\/search?client=safari&amp;rls=en&amp;q=trikstr&amp;ie=UTF-8&amp;oe=UTF-8\">TRIKSTR d.o.o.<br><\/a><\/strong>Stegne 5<br>1000 Ljubljana<br>Slovenia<\/p>\n<\/div><\/div>\n\n\n\n<div style=\"height:40px\" aria-hidden=\"true\" class=\"wp-block-spacer\"><\/div>\n\n\n\n<div class=\"wp-block-media-text is-stacked-on-mobile\"><figure class=\"wp-block-media-text__media\"><a href=\"https:\/\/www.twopointo.film\/about\"><img loading=\"lazy\" decoding=\"async\" width=\"1024\" height=\"184\" src=\"https:\/\/sl-ap.si\/wp-content\/uploads\/2026\/01\/2.0-FILM-LOGO-02-1024x184.png\" alt=\"\" class=\"wp-image-65 size-full\" srcset=\"https:\/\/sl-ap.si\/wp-content\/uploads\/2026\/01\/2.0-FILM-LOGO-02-1024x184.png 1024w, https:\/\/sl-ap.si\/wp-content\/uploads\/2026\/01\/2.0-FILM-LOGO-02-300x54.png 300w, https:\/\/sl-ap.si\/wp-content\/uploads\/2026\/01\/2.0-FILM-LOGO-02-768x138.png 768w, https:\/\/sl-ap.si\/wp-content\/uploads\/2026\/01\/2.0-FILM-LOGO-02.png 1280w\" sizes=\"(max-width: 1024px) 100vw, 1024px\" \/><\/a><\/figure><div class=\"wp-block-media-text__content\">\n<p class=\"has-primary-color has-text-color has-link-color wp-elements-589c6c936229466823f0f411b38bad8c\"><strong><a href=\"https:\/\/www.twopointo.film\/about\" data-type=\"link\" data-id=\"https:\/\/www.twopointo.film\/about\">2.0 FILM d.o.o.<br><\/a><\/strong>Triglavska ulica 19<br>1000 Ljubljana<br>Slovenia<\/p>\n<\/div><\/div>\n\n\n\n<div style=\"height:40px\" aria-hidden=\"true\" class=\"wp-block-spacer\"><\/div>\n\n\n\n<p><\/p>\n","protected":false},"excerpt":{"rendered":"<p>Studio Arkadena d.o.o.Brodi\u0161\u010de 231236 TrzinSlovenia Bas production d.o.o.Kamni\u0161ka ulica 491000 LjubljanaSlovenia Division d.o.o.Gorki\u010deva ulica 71000 LjubljanaSlovenia Entity films d.o.o.Dunajska cesta 761000 LjubljanaSlovenia HUND films d.o.o.Vrhov\u010deva 101000 LjubljanaSlovenia SNDKT d.o.o.Ulica Carla Benza 201000 LjubljanaSlovenia TRIKSTR d.o.o.Stegne 51000 LjubljanaSlovenia 2.0 FILM d.o.o.Triglavska ulica 191000 LjubljanaSlovenia<\/p>\n","protected":false},"author":1,"featured_media":0,"parent":0,"menu_order":0,"comment_status":"closed","ping_status":"closed","template":"","meta":{"footnotes":""},"class_list":["post-29","page","type-page","status-publish","hentry"],"_links":{"self":[{"href":"https:\/\/sl-ap.si\/index.php?rest_route=\/wp\/v2\/pages\/29","targetHints":{"allow":["GET"]}}],"collection":[{"href":"https:\/\/sl-ap.si\/index.php?rest_route=\/wp\/v2\/pages"}],"about":[{"href":"https:\/\/sl-ap.si\/index.php?rest_route=\/wp\/v2\/types\/page"}],"author":[{"embeddable":true,"href":"https:\/\/sl-ap.si\/index.php?rest_route=\/wp\/v2\/users\/1"}],"replies":[{"embeddable":true,"href":"https:\/\/sl-ap.si\/index.php?rest_route=%2Fwp%2Fv2%2Fcomments&post=29"}],"version-history":[{"count":12,"href":"https:\/\/sl-ap.si\/index.php?rest_route=\/wp\/v2\/pages\/29\/revisions"}],"predecessor-version":[{"id":127,"href":"https:\/\/sl-ap.si\/index.php?rest_route=\/wp\/v2\/pages\/29\/revisions\/127"}],"wp:attachment":[{"href":"https:\/\/sl-ap.si\/index.php?rest_route=%2Fwp%2Fv2%2Fmedia&parent=29"}],"curies":[{"name":"wp","href":"https:\/\/api.w.org\/{rel}","templated":true}]}}